{"id":1400,"date":"2022-10-18T20:24:10","date_gmt":"2022-10-18T18:24:10","guid":{"rendered":"http:\/\/rjrguitars.com\/index.php\/tech-stuff\/"},"modified":"2022-10-26T21:27:14","modified_gmt":"2022-10-26T19:27:14","slug":"tech-stuff","status":"publish","type":"page","link":"https:\/\/rjrguitars.com\/index.php\/tech-stuff\/","title":{"rendered":"TECH-STUFF"},"content":{"rendered":"<p>[et_pb_section fb_built=&#8221;1&#8243; _builder_version=&#8221;4.18.0&#8243; _module_preset=&#8221;default&#8221; custom_margin=&#8221;0px||0px||false|false&#8221; custom_padding=&#8221;69px||0px||false|false&#8221; global_colors_info=&#8221;{}&#8221;][et_pb_row column_structure=&#8221;3_5,1_5,1_5&#8243; _builder_version=&#8221;4.18.0&#8243; _module_preset=&#8221;default&#8221; custom_margin=&#8221;0px||0px||false|false&#8221; custom_padding=&#8221;0px||0px||false|false&#8221; global_colors_info=&#8221;{}&#8221;][et_pb_column type=&#8221;3_5&#8243; _builder_version=&#8221;4.18.0&#8243; _module_preset=&#8221;default&#8221; global_colors_info=&#8221;{}&#8221;][et_pb_text _builder_version=&#8221;4.18.0&#8243; _module_preset=&#8221;default&#8221; custom_padding=&#8221;0px||0px||false|false&#8221; global_colors_info=&#8221;{}&#8221;]<\/p>\n<h3>Micros interchangeables<\/h3>\n<p>&nbsp;<\/p>\n<p>L&#8217;id\u00e9e de pouvoir \u00e9changer les micros existe depuis un certain temps.<\/p>\n<p>Gibson l&#8217;a exp\u00e9riment\u00e9 d\u00e8s les ann\u00e9es 90 pour la d\u00e9monstration de ses micros. Les guitares ont \u00e9t\u00e9 utilis\u00e9es dans des concessions s\u00e9lectionn\u00e9es aux \u00c9tats-Unis, mais n&#8217;\u00e9taient pas destin\u00e9es \u00e0 la vente au public.<\/p>\n<p>En 2008, Gibson a sorti une Gibson Push Tone Les Paul \u00e9quip\u00e9e de ce syst\u00e8me. Seuls quelques exemplaires ont \u00e9t\u00e9 fabriqu\u00e9s et sont devenus des objets de collection.<\/p>\n<p>Plus r\u00e9cemment, l&#8217;id\u00e9e a \u00e9t\u00e9 remise au go\u00fbt du jour, les guitares Relish et Somnium proposant toutes deux des variations sur le th\u00e8me de l&#8217;\u00e9change de micros.<\/p>\n<p>&nbsp;<\/p>\n<p>[\/et_pb_text][\/et_pb_column][et_pb_column type=&#8221;1_5&#8243; _builder_version=&#8221;4.18.0&#8243; _module_preset=&#8221;default&#8221; global_colors_info=&#8221;{}&#8221;][et_pb_image src=&#8221;https:\/\/rjrguitars.com\/wp-content\/uploads\/2022\/10\/gibson-swaps.png&#8221; title_text=&#8221;\u00e9changes de gibbons&#8221; _builder_version=&#8221;4.18.0&#8243; _module_preset=&#8221;default&#8221; global_colors_info=&#8221;{}&#8221;][\/et_pb_image][\/et_pb_column][et_pb_column type=&#8221;1_5&#8243; _builder_version=&#8221;4.18.0&#8243; _module_preset=&#8221;default&#8221; global_colors_info=&#8221;{}&#8221;][et_pb_image src=&#8221;https:\/\/rjrguitars.com\/wp-content\/uploads\/2022\/10\/gibson-swaps2.png&#8221; title_text=&#8221;gibson swaps2&#8243; _builder_version=&#8221;4.18.0&#8243; _module_preset=&#8221;default&#8221; global_colors_info=&#8221;{}&#8221;][\/et_pb_image][\/et_pb_column][\/et_pb_row][et_pb_row column_structure=&#8221;1_2,1_2&#8243; _builder_version=&#8221;4.18.0&#8243; _module_preset=&#8221;default&#8221; custom_margin=&#8221;0px||0px||false|false&#8221; custom_padding=&#8221;0px||0px||false|false&#8221; global_colors_info=&#8221;{}&#8221;][et_pb_column type=&#8221;1_2&#8243; _builder_version=&#8221;4.18.0&#8243; _module_preset=&#8221;default&#8221; global_colors_info=&#8221;{}&#8221;][et_pb_text _builder_version=&#8221;4.18.0&#8243; _module_preset=&#8221;default&#8221; global_colors_info=&#8221;{}&#8221;]<\/p>\n<p>Le syst\u00e8me RJR utilise un corps traditionnel en bois massif avec des cavit\u00e9s usin\u00e9es avec pr\u00e9cision permettant d&#8217;ins\u00e9rer les micros \u00e0 l&#8217;arri\u00e8re de l&#8217;instrument.<\/p>\n<p>Les supports de micros sont imprim\u00e9s en 3D en interne et permettent de r\u00e9gler et de fixer facilement la hauteur et l&#8217;inclinaison des micros \u00e0 l&#8217;aide d&#8217;un simple tournevis.<\/p>\n<p>Les micros sont ins\u00e9r\u00e9s \u00e0 l&#8217;arri\u00e8re de la guitare et maintenus en place par 4 petits aimants encastr\u00e9s. On les retire en les poussant simplement depuis l&#8217;avant de la guitare. Le signal \u00e9lectrique est transmis par des broches de contact plaqu\u00e9es or et mont\u00e9es sur ressort.<\/p>\n<p>Tous les micros de taille standard de type humbucker peuvent \u00eatre mont\u00e9s sur nos supports de micros. Nos guitares sont \u00e9quip\u00e9es d&#8217;une paire de humbuckers Bareknuckle, Hausser ou Benedetti.<\/p>\n<p>[\/et_pb_text][\/et_pb_column][et_pb_column type=&#8221;1_2&#8243; _builder_version=&#8221;4.18.0&#8243; _module_preset=&#8221;default&#8221; global_colors_info=&#8221;{}&#8221;][et_pb_text _builder_version=&#8221;4.18.0&#8243; _module_preset=&#8221;default&#8221; hover_enabled=&#8221;0&#8243; global_colors_info=&#8221;{}&#8221; sticky_enabled=&#8221;0&#8243;][\/et_pb_text][et_pb_video src=&#8221;https:\/\/rjrguitars.com\/wp-content\/uploads\/2022\/10\/pickup-swap2.mp4&#8243; _builder_version=&#8221;4.18.0&#8243; _module_preset=&#8221;default&#8221; custom_margin=&#8221;-57px||||false|false&#8221; hover_enabled=&#8221;0&#8243; border_width_all=&#8221;1px&#8221; global_colors_info=&#8221;{}&#8221; title_text=&#8221;pickup swap2&#8243; sticky_enabled=&#8221;0&#8243;][\/et_pb_video][\/et_pb_column][\/et_pb_row][\/et_pb_section]<\/p>\n","protected":false},"excerpt":{"rendered":"<p>Micros interchangeables &nbsp; L&#8217;id\u00e9e de pouvoir \u00e9changer les micros existe depuis un certain temps. Gibson l&#8217;a exp\u00e9riment\u00e9 d\u00e8s les ann\u00e9es 90 pour la d\u00e9monstration de ses micros. Les guitares ont \u00e9t\u00e9 utilis\u00e9es dans des concessions s\u00e9lectionn\u00e9es aux \u00c9tats-Unis, mais n&#8217;\u00e9taient pas destin\u00e9es \u00e0 la vente au public. En 2008, Gibson a sorti une Gibson Push [&hellip;]<\/p>\n","protected":false},"author":1,"featured_media":0,"parent":0,"menu_order":0,"comment_status":"closed","ping_status":"closed","template":"","meta":{"_et_pb_use_builder":"on","_et_pb_old_content":"","_et_gb_content_width":"","footnotes":""},"class_list":["post-1400","page","type-page","status-publish","hentry"],"_links":{"self":[{"href":"https:\/\/rjrguitars.com\/index.php\/wp-json\/wp\/v2\/pages\/1400","targetHints":{"allow":["GET"]}}],"collection":[{"href":"https:\/\/rjrguitars.com\/index.php\/wp-json\/wp\/v2\/pages"}],"about":[{"href":"https:\/\/rjrguitars.com\/index.php\/wp-json\/wp\/v2\/types\/page"}],"author":[{"embeddable":true,"href":"https:\/\/rjrguitars.com\/index.php\/wp-json\/wp\/v2\/users\/1"}],"replies":[{"embeddable":true,"href":"https:\/\/rjrguitars.com\/index.php\/wp-json\/wp\/v2\/comments?post=1400"}],"version-history":[{"count":10,"href":"https:\/\/rjrguitars.com\/index.php\/wp-json\/wp\/v2\/pages\/1400\/revisions"}],"predecessor-version":[{"id":1630,"href":"https:\/\/rjrguitars.com\/index.php\/wp-json\/wp\/v2\/pages\/1400\/revisions\/1630"}],"wp:attachment":[{"href":"https:\/\/rjrguitars.com\/index.php\/wp-json\/wp\/v2\/media?parent=1400"}],"curies":[{"name":"wp","href":"https:\/\/api.w.org\/{rel}","templated":true}]}}